{"id":9292,"date":"2016-06-24T09:43:39","date_gmt":"2016-06-24T08:43:39","guid":{"rendered":"http:\/\/www.tourismejalhaysart.be\/en\/?page_id=9292"},"modified":"2023-10-31T11:02:38","modified_gmt":"2023-10-31T10:02:38","slug":"our-villages","status":"publish","type":"page","link":"https:\/\/www.tourismejalhaysart.be\/en\/discover\/our-villages\/","title":{"rendered":"Our villages"},"content":{"rendered":"<div><span id=\"noHighlight_0.9427397277967084\">\u00a0<\/span><\/div>\n<div><\/div>\n<div>\n<h2><img decoding=\"async\" class=\"alignright size-full wp-image-3131\" src=\"https:\/\/www.tourismejalhaysart.be\/wp-content\/uploads\/2016\/04\/sart3.jpg\" alt=\"sart3\" width=\"250\" height=\"250\" srcset=\"https:\/\/www.tourismejalhaysart.be\/wp-content\/uploads\/2016\/04\/sart3.jpg 250w, https:\/\/www.tourismejalhaysart.be\/wp-content\/uploads\/2016\/04\/sart3-100x100.jpg 100w\" sizes=\"(max-width: 250px) 100vw, 250px\" \/>SART<\/h2>\n<p style=\"text-align: justify;\">Sart is one of the oldest villages of the Ardennes where traditional country life still plays a very active role. The many farms give this municipality open meadow landscapes, where its typical character is retained. Sart means &#8220;ground which is cleared of trees and shrubs&#8221;; and cultivated by the farmers early in the middle ages. The name first appeared in 1131, referring to a chapel called &#8220;Sartum&#8221;. Sart flourished in the 15th century when the iron deposits of the Ho\u00ebgne were fully developed. Many famous smelters and forges were in existence during this time. The trade with the principality of Luik and even with the German sovereigns was notable. In 1468 Charles the Bold, duke of Burgundy, laid waste to the counties of Luik &#8220;by fire and sword&#8221;. Franchimont and Sart in particular, did not escape either. Sart, however, revived its metallurgy in the 17th century and through the 18<sup>th<\/sup> century.<\/p>\n<p style=\"text-align: justify;\">Now agriculture is the main economic driver for the municipality of Sart.<\/p>\n<p>&nbsp;<\/p>\n<p>&nbsp;<\/p>\n<p>&nbsp;<\/p>\n<p>&nbsp;<\/p>\n<p>&nbsp;<\/p>\n<h2><img decoding=\"async\" class=\"alignleft wp-image-3133 size-full\" src=\"https:\/\/www.tourismejalhaysart.be\/wp-content\/uploads\/2016\/04\/tiege.jpg\" alt=\"tiege\" width=\"250\" height=\"250\" srcset=\"https:\/\/www.tourismejalhaysart.be\/wp-content\/uploads\/2016\/04\/tiege.jpg 250w, https:\/\/www.tourismejalhaysart.be\/wp-content\/uploads\/2016\/04\/tiege-100x100.jpg 100w\" sizes=\"(max-width: 250px) 100vw, 250px\" \/><br \/>\nTIEGE<\/h2>\n<p style=\"text-align: justify;\">Tiege has a long past where many roads meet. These roads were indispensable for the economic development of the region. For centuries they were also used by armed forces from all over Europe which made Ti\u00e8ge, Jalhay and Sart a land of invasions. From 1907 to 1952 the tram brought many tourists to Ti\u00e8ge too. The landscape\u00a0 alternates holiday homes and traditional farms, which still exist.<\/p>\n<p>&nbsp;<\/p>\n<p>&nbsp;<\/p>\n<h2><img decoding=\"async\" class=\"alignright size-full wp-image-3138\" src=\"https:\/\/www.tourismejalhaysart.be\/wp-content\/uploads\/2016\/04\/foyr.jpg\" alt=\"foyr\" width=\"250\" height=\"250\" srcset=\"https:\/\/www.tourismejalhaysart.be\/wp-content\/uploads\/2016\/04\/foyr.jpg 250w, https:\/\/www.tourismejalhaysart.be\/wp-content\/uploads\/2016\/04\/foyr-100x100.jpg 100w\" sizes=\"(max-width: 250px) 100vw, 250px\" \/>FOYR<\/h2>\n<p style=\"text-align: justify;\">The forest is mainly composed of\u00a0hazel trees (&#8220;c\u00f4reu&#8221; in Walloon). These trees are found at the southwest and west side of this hamlet. These forested lands, located in the heart of the Ardennes, have been cleared and turned into pastures, where dairy cattle graze. Fouir is situated at the head of the valley, where it is protected against the wind and with a plentiful supply of natural springs. The hamlet is situated on a south-facing slope (&#8220;l&#8217;adret&#8221;) ideally placed to benefit from the warmth of the sun. Along the Hautes Fagnes (High Fens) Plateau, farmhouses resemble the longhouse architecture, typical for this region. Barns are frequently added.<\/p>\n<p style=\"text-align: justify;\"><span lang=\"EN-US\" style=\"color: black; font-family: 'Arial',sans-serif;\">. <\/span><\/p>\n<h2><img decoding=\"async\" class=\"alignleft size-full wp-image-3148\" src=\"https:\/\/www.tourismejalhaysart.be\/wp-content\/uploads\/2016\/04\/jalhay-1.jpg\" alt=\"jalhay\" width=\"250\" height=\"250\" srcset=\"https:\/\/www.tourismejalhaysart.be\/wp-content\/uploads\/2016\/04\/jalhay-1.jpg 250w, https:\/\/www.tourismejalhaysart.be\/wp-content\/uploads\/2016\/04\/jalhay-1-100x100.jpg 100w\" sizes=\"(max-width: 250px) 100vw, 250px\" \/>JALHAY<\/h2>\n<p style=\"text-align: justify;\">Jalhay is a village at the foot of the High Fens at 400m above sea level. The Franks who came here in the IV and V century are at the origin of\u00a0Jalhay. Charlemagne made Jalhay to his hunting domain. The King of Lorraine took territory which belonged to the Abbey of Stavelot and donated it to the Prince-Bishop of Li\u00e8ge. That changed the area into pasture. Along the Ho\u00ebgne the soil contained a lot of iron. This brought a lot of prosperity in the metal industry during the 14<sup>th<\/sup> till the\u00a017<sup>th<\/sup> century. But in 1468, the Burgundian Duke Charles the bold destroyed the smelters as they had forged the weapons for the famous \u00ab600 Franchimontois\u00bb, who had fought him in Li\u00e8ge. He plundered the region and reduced the \u00abmakas\u00bb (rounding hammers) to scrap. Since then the municipality concentrates to agriculture. Starting from the XV century, the Prince-Bishop of Li\u00e8ge granted rights to the citizens of Jalhay, Sart and Surister, such as the right to have a local courthouse, the title of city, the ability to choose a mayor, trademarks etc. The perrons in Sart and Surister still testify of those days. Jalhay had already aldermen in 1405. Much later under Napoleon, Jalhay lost its rights and influence\u2026\u2026.<\/p>\n<p>&nbsp;<\/p>\n<h2><\/h2>\n<h2><\/h2>\n<h2><img decoding=\"async\" class=\"alignright size-full wp-image-3151\" src=\"https:\/\/www.tourismejalhaysart.be\/wp-content\/uploads\/2016\/04\/niveze.jpg\" alt=\"niveze\" width=\"250\" height=\"250\" srcset=\"https:\/\/www.tourismejalhaysart.be\/wp-content\/uploads\/2016\/04\/niveze.jpg 250w, https:\/\/www.tourismejalhaysart.be\/wp-content\/uploads\/2016\/04\/niveze-100x100.jpg 100w\" sizes=\"(max-width: 250px) 100vw, 250px\" \/>NIVEZE<\/h2>\n<p style=\"text-align: justify;\">The village consisted\u00a0mainly\u00a0 of rural and agricultural land with small farms. It had a strong expansion in the nineteenth century to become an extension of Spa with new constructions and above all, luxury villas from the rich bourgeoisie. Around the turn of the 18th century springs at Nivez\u00e9 were exploited. In 1867, the springs at Niveze provided the Thermes of Spa. The spring water has a high iron content of excellent quality. The spring is captured near the Warfaaz Lake\u00a0and source of Wellington. This spring has received the name of &#8220;Marie-Henriette&#8221;. The water is\u00a0naturally slightly sparkling and\u00a0currently commercialized under this name by Spa Monopole. Nivez\u00e9 is administratively cut into two, devided by the stream &#8220;Le Soyeuru&#8221;, between Spa and Jalhay-Sart.<\/p>\n<p>&nbsp;<\/p>\n<h2><img decoding=\"async\" class=\"alignleft size-full wp-image-3153\" src=\"https:\/\/www.tourismejalhaysart.be\/wp-content\/uploads\/2016\/04\/charneux.jpg\" alt=\"charneux\" width=\"250\" height=\"250\" srcset=\"https:\/\/www.tourismejalhaysart.be\/wp-content\/uploads\/2016\/04\/charneux.jpg 250w, https:\/\/www.tourismejalhaysart.be\/wp-content\/uploads\/2016\/04\/charneux-100x100.jpg 100w\" sizes=\"(max-width: 250px) 100vw, 250px\" \/>CHARNEUX<\/h2>\n<p style=\"text-align: justify;\">The name &#8220;Charneux&#8221; dates back to Roman times and means beech bushes. The first houses were built here in a protected area at the edge of a beech forest. In the period before the French Revolution the Gospinal forest, between the Statte, the Ho\u00ebgne, the Sawe, the river Dison and Piron-Cheneu, belonged to the Prince-Bishop of Li\u00e8ge. The former border posts (FDP) delineated forest areas owned by the prince bishop of Li\u00e8ge. Residents were not allowed to harvest trees in these forests. With the arrival of iron forges the demand for charcoal only went up and deforestation became a problem. In 1788, to protect the forests from illegal tree harvest, the Principality placed stone pilars to demarte the forest reserves. At least 480 stone pillars were placed at 13 forest reserves in the Principality, including those near Jalhay and Sart. Stone pillars replaced the original wooden posts. In the forest of Gospinal 71 border posts were placed and today 6 are visible along the Ho\u00ebgne.<\/p>\n<h2><\/h2>\n<h2><img decoding=\"async\" class=\"alignright size-full wp-image-3155\" src=\"https:\/\/www.tourismejalhaysart.be\/wp-content\/uploads\/2016\/04\/surister.jpg\" alt=\"surister\" width=\"250\" height=\"250\" srcset=\"https:\/\/www.tourismejalhaysart.be\/wp-content\/uploads\/2016\/04\/surister.jpg 250w, https:\/\/www.tourismejalhaysart.be\/wp-content\/uploads\/2016\/04\/surister-100x100.jpg 100w\" sizes=\"(max-width: 250px) 100vw, 250px\" \/>SURISTER<\/h2>\n<p style=\"text-align: justify;\">Surister is a street village situated on a ridge (watershed) between two rivers. In the middle ages, you could find a grain mill for common use on this road to Jalhay, the castle of the lord and a perron. At the end of the village stood the gallow. Until the French Revolution Surister was a fief, granted by the Prince-Bishop of Li\u00e8ge, in contrast to Jalhay, who together with Charneux and Foyr was directly dependent on the Prince-Bishop. Surister is still called &#8220;la Petite France&#8221;, due to the family Groulard, who came from Dinan in Brittany and who prevailed over Surister.<\/p>\n<p>&nbsp;<\/p>\n<h2><img decoding=\"async\" class=\"alignleft size-full wp-image-3157\" src=\"https:\/\/www.tourismejalhaysart.be\/wp-content\/uploads\/2016\/04\/solwaster.jpg\" alt=\"solwaster\" width=\"250\" height=\"250\" srcset=\"https:\/\/www.tourismejalhaysart.be\/wp-content\/uploads\/2016\/04\/solwaster.jpg 250w, https:\/\/www.tourismejalhaysart.be\/wp-content\/uploads\/2016\/04\/solwaster-100x100.jpg 100w\" sizes=\"(max-width: 250px) 100vw, 250px\" \/><\/h2>\n<h2><\/h2>\n<h2>SOLWASTER<\/h2>\n<p>The name Solwaster comes from &#8220;solistat&#8221;, or &#8220;at the Statte&#8221; and the citizens of this beautiful village are called the &#8220;Lopets&#8221;. Solwaster is a typical village in the Ardennes, located on a hill between the river Ho\u00ebgne and Statte. The village has the charm of a characteristic pastoral village from the 19th century at the foot of the natural park High Fens. In 1981 it was rated one of the most beautiful villages in Belgium.<\/p>\n<h2><\/h2>\n<h2><\/h2>\n<h2><\/h2>\n<h2><img decoding=\"async\" class=\"alignright size-full wp-image-3159\" src=\"https:\/\/www.tourismejalhaysart.be\/wp-content\/uploads\/2016\/04\/herbiester.jpg\" alt=\"herbiester\" width=\"250\" height=\"250\" srcset=\"https:\/\/www.tourismejalhaysart.be\/wp-content\/uploads\/2016\/04\/herbiester.jpg 250w, https:\/\/www.tourismejalhaysart.be\/wp-content\/uploads\/2016\/04\/herbiester-100x100.jpg 100w\" sizes=\"(max-width: 250px) 100vw, 250px\" \/>HERBIESTER<\/h2>\n<p style=\"text-align: justify;\">Herbiester is a village in the countryside of Jalhay. The name Herbiester comes from the family name Herbert, and ster means clearing of land and deforestation.<\/p>\n<p>&nbsp;<\/p>\n<\/div>\n","protected":false},"excerpt":{"rendered":"<p>\u00a0 SART Sart is one of the oldest villages of the Ardennes where traditional country life still plays a very active role. The many farms give this municipality open meadow landscapes, where its typical character is retained. Sart means &#8220;ground which is cleared of trees and shrubs&#8221;; and cultivated by the farmers early in the [&hellip;]<\/p>\n","protected":false},"author":1,"featured_media":0,"parent":9288,"menu_order":0,"comment_status":"closed","ping_status":"closed","template":"page-nos-villages.php","meta":{"_acf_changed":false,"footnotes":""},"class_list":["post-9292","page","type-page","status-publish","hentry"],"acf":[],"yoast_head":"<!-- This site is optimized with the Yoast SEO plugin v27.5 - https:\/\/yoast.com\/product\/yoast-seo-wordpress\/ -->\n<title>Our villages - Office du Tourisme de Jalhay Sart<\/title>\n<meta name=\"robots\" content=\"index, follow, max-snippet:-1, max-image-preview:large, max-video-preview:-1\" \/>\n<link rel=\"canonical\" href=\"https:\/\/www.tourismejalhaysart.be\/en\/discover\/our-villages\/\" \/>\n<meta property=\"og:locale\" content=\"en_US\" \/>\n<meta property=\"og:type\" content=\"article\" \/>\n<meta property=\"og:title\" content=\"Our villages - Office du Tourisme de Jalhay Sart\" \/>\n<meta property=\"og:description\" content=\"\u00a0 SART Sart is one of the oldest villages of the Ardennes where traditional country life still plays a very active role. The many farms give this municipality open meadow landscapes, where its typical character is retained. Sart means &#8220;ground which is cleared of trees and shrubs&#8221;; and cultivated by the farmers early in the [&hellip;]\" \/>\n<meta property=\"og:url\" content=\"https:\/\/www.tourismejalhaysart.be\/en\/discover\/our-villages\/\" \/>\n<meta property=\"og:site_name\" content=\"Office du Tourisme de Jalhay Sart\" \/>\n<meta property=\"article:modified_time\" content=\"2023-10-31T10:02:38+00:00\" \/>\n<meta property=\"og:image\" content=\"https:\/\/www.tourismejalhaysart.be\/wp-content\/uploads\/2016\/04\/sart3.jpg\" \/>\n<meta name=\"twitter:card\" content=\"summary_large_image\" \/>\n<meta name=\"twitter:label1\" content=\"Est. reading time\" \/>\n\t<meta name=\"twitter:data1\" content=\"8 minutes\" \/>\n<script type=\"application\/ld+json\" class=\"yoast-schema-graph\">{\"@context\":\"https:\\\/\\\/schema.org\",\"@graph\":[{\"@type\":\"WebPage\",\"@id\":\"https:\\\/\\\/www.tourismejalhaysart.be\\\/en\\\/discover\\\/our-villages\\\/\",\"url\":\"https:\\\/\\\/www.tourismejalhaysart.be\\\/en\\\/discover\\\/our-villages\\\/\",\"name\":\"Our villages - Office du Tourisme de Jalhay Sart\",\"isPartOf\":{\"@id\":\"https:\\\/\\\/www.tourismejalhaysart.be\\\/en\\\/#website\"},\"primaryImageOfPage\":{\"@id\":\"https:\\\/\\\/www.tourismejalhaysart.be\\\/en\\\/discover\\\/our-villages\\\/#primaryimage\"},\"image\":{\"@id\":\"https:\\\/\\\/www.tourismejalhaysart.be\\\/en\\\/discover\\\/our-villages\\\/#primaryimage\"},\"thumbnailUrl\":\"https:\\\/\\\/www.tourismejalhaysart.be\\\/wp-content\\\/uploads\\\/2016\\\/04\\\/sart3.jpg\",\"datePublished\":\"2016-06-24T08:43:39+00:00\",\"dateModified\":\"2023-10-31T10:02:38+00:00\",\"breadcrumb\":{\"@id\":\"https:\\\/\\\/www.tourismejalhaysart.be\\\/en\\\/discover\\\/our-villages\\\/#breadcrumb\"},\"inLanguage\":\"en-US\",\"potentialAction\":[{\"@type\":\"ReadAction\",\"target\":[\"https:\\\/\\\/www.tourismejalhaysart.be\\\/en\\\/discover\\\/our-villages\\\/\"]}]},{\"@type\":\"ImageObject\",\"inLanguage\":\"en-US\",\"@id\":\"https:\\\/\\\/www.tourismejalhaysart.be\\\/en\\\/discover\\\/our-villages\\\/#primaryimage\",\"url\":\"https:\\\/\\\/www.tourismejalhaysart.be\\\/wp-content\\\/uploads\\\/2016\\\/04\\\/sart3.jpg\",\"contentUrl\":\"https:\\\/\\\/www.tourismejalhaysart.be\\\/wp-content\\\/uploads\\\/2016\\\/04\\\/sart3.jpg\"},{\"@type\":\"BreadcrumbList\",\"@id\":\"https:\\\/\\\/www.tourismejalhaysart.be\\\/en\\\/discover\\\/our-villages\\\/#breadcrumb\",\"itemListElement\":[{\"@type\":\"ListItem\",\"position\":1,\"name\":\"Accueil\",\"item\":\"https:\\\/\\\/www.tourismejalhaysart.be\\\/en\\\/\"},{\"@type\":\"ListItem\",\"position\":2,\"name\":\"Discover\",\"item\":\"https:\\\/\\\/www.tourismejalhaysart.be\\\/en\\\/discover\\\/\"},{\"@type\":\"ListItem\",\"position\":3,\"name\":\"Our villages\"}]},{\"@type\":\"WebSite\",\"@id\":\"https:\\\/\\\/www.tourismejalhaysart.be\\\/en\\\/#website\",\"url\":\"https:\\\/\\\/www.tourismejalhaysart.be\\\/en\\\/\",\"name\":\"Office du Tourisme de Jalhay Sart\",\"description\":\"aux sources de la nature\",\"potentialAction\":[{\"@type\":\"SearchAction\",\"target\":{\"@type\":\"EntryPoint\",\"urlTemplate\":\"https:\\\/\\\/www.tourismejalhaysart.be\\\/en\\\/?s={search_term_string}\"},\"query-input\":{\"@type\":\"PropertyValueSpecification\",\"valueRequired\":true,\"valueName\":\"search_term_string\"}}],\"inLanguage\":\"en-US\"}]}<\/script>\n<!-- \/ Yoast SEO plugin. -->","yoast_head_json":{"title":"Our villages - Office du Tourisme de Jalhay Sart","robots":{"index":"index","follow":"follow","max-snippet":"max-snippet:-1","max-image-preview":"max-image-preview:large","max-video-preview":"max-video-preview:-1"},"canonical":"https:\/\/www.tourismejalhaysart.be\/en\/discover\/our-villages\/","og_locale":"en_US","og_type":"article","og_title":"Our villages - Office du Tourisme de Jalhay Sart","og_description":"\u00a0 SART Sart is one of the oldest villages of the Ardennes where traditional country life still plays a very active role. The many farms give this municipality open meadow landscapes, where its typical character is retained. Sart means &#8220;ground which is cleared of trees and shrubs&#8221;; and cultivated by the farmers early in the [&hellip;]","og_url":"https:\/\/www.tourismejalhaysart.be\/en\/discover\/our-villages\/","og_site_name":"Office du Tourisme de Jalhay Sart","article_modified_time":"2023-10-31T10:02:38+00:00","og_image":[{"url":"https:\/\/www.tourismejalhaysart.be\/wp-content\/uploads\/2016\/04\/sart3.jpg","type":"","width":"","height":""}],"twitter_card":"summary_large_image","twitter_misc":{"Est. reading time":"8 minutes"},"schema":{"@context":"https:\/\/schema.org","@graph":[{"@type":"WebPage","@id":"https:\/\/www.tourismejalhaysart.be\/en\/discover\/our-villages\/","url":"https:\/\/www.tourismejalhaysart.be\/en\/discover\/our-villages\/","name":"Our villages - Office du Tourisme de Jalhay Sart","isPartOf":{"@id":"https:\/\/www.tourismejalhaysart.be\/en\/#website"},"primaryImageOfPage":{"@id":"https:\/\/www.tourismejalhaysart.be\/en\/discover\/our-villages\/#primaryimage"},"image":{"@id":"https:\/\/www.tourismejalhaysart.be\/en\/discover\/our-villages\/#primaryimage"},"thumbnailUrl":"https:\/\/www.tourismejalhaysart.be\/wp-content\/uploads\/2016\/04\/sart3.jpg","datePublished":"2016-06-24T08:43:39+00:00","dateModified":"2023-10-31T10:02:38+00:00","breadcrumb":{"@id":"https:\/\/www.tourismejalhaysart.be\/en\/discover\/our-villages\/#breadcrumb"},"inLanguage":"en-US","potentialAction":[{"@type":"ReadAction","target":["https:\/\/www.tourismejalhaysart.be\/en\/discover\/our-villages\/"]}]},{"@type":"ImageObject","inLanguage":"en-US","@id":"https:\/\/www.tourismejalhaysart.be\/en\/discover\/our-villages\/#primaryimage","url":"https:\/\/www.tourismejalhaysart.be\/wp-content\/uploads\/2016\/04\/sart3.jpg","contentUrl":"https:\/\/www.tourismejalhaysart.be\/wp-content\/uploads\/2016\/04\/sart3.jpg"},{"@type":"BreadcrumbList","@id":"https:\/\/www.tourismejalhaysart.be\/en\/discover\/our-villages\/#breadcrumb","itemListElement":[{"@type":"ListItem","position":1,"name":"Accueil","item":"https:\/\/www.tourismejalhaysart.be\/en\/"},{"@type":"ListItem","position":2,"name":"Discover","item":"https:\/\/www.tourismejalhaysart.be\/en\/discover\/"},{"@type":"ListItem","position":3,"name":"Our villages"}]},{"@type":"WebSite","@id":"https:\/\/www.tourismejalhaysart.be\/en\/#website","url":"https:\/\/www.tourismejalhaysart.be\/en\/","name":"Office du Tourisme de Jalhay Sart","description":"aux sources de la nature","potentialAction":[{"@type":"SearchAction","target":{"@type":"EntryPoint","urlTemplate":"https:\/\/www.tourismejalhaysart.be\/en\/?s={search_term_string}"},"query-input":{"@type":"PropertyValueSpecification","valueRequired":true,"valueName":"search_term_string"}}],"inLanguage":"en-US"}]}},"wpml_current_locale":"en_US","wpml_translations":{"de_DE":{"locale":"de_DE","id":10685,"slug":"unsere-doerfer","post_title":"Unsere D\u00f6rfer","href":"https:\/\/www.tourismejalhaysart.be\/de\/entdecken\/unsere-doerfer\/"}},"_links":{"self":[{"href":"https:\/\/www.tourismejalhaysart.be\/en\/wp-json\/wp\/v2\/pages\/9292","targetHints":{"allow":["GET"]}}],"collection":[{"href":"https:\/\/www.tourismejalhaysart.be\/en\/wp-json\/wp\/v2\/pages"}],"about":[{"href":"https:\/\/www.tourismejalhaysart.be\/en\/wp-json\/wp\/v2\/types\/page"}],"author":[{"embeddable":true,"href":"https:\/\/www.tourismejalhaysart.be\/en\/wp-json\/wp\/v2\/users\/1"}],"replies":[{"embeddable":true,"href":"https:\/\/www.tourismejalhaysart.be\/en\/wp-json\/wp\/v2\/comments?post=9292"}],"version-history":[{"count":1,"href":"https:\/\/www.tourismejalhaysart.be\/en\/wp-json\/wp\/v2\/pages\/9292\/revisions"}],"predecessor-version":[{"id":39903,"href":"https:\/\/www.tourismejalhaysart.be\/en\/wp-json\/wp\/v2\/pages\/9292\/revisions\/39903"}],"up":[{"embeddable":true,"href":"https:\/\/www.tourismejalhaysart.be\/en\/wp-json\/wp\/v2\/pages\/9288"}],"wp:attachment":[{"href":"https:\/\/www.tourismejalhaysart.be\/en\/wp-json\/wp\/v2\/media?parent=9292"}],"curies":[{"name":"wp","href":"https:\/\/api.w.org\/{rel}","templated":true}]}}