{"id":40711,"date":"2022-06-30T16:16:24","date_gmt":"2022-06-30T15:16:24","guid":{"rendered":"https:\/\/www.tourismejalhaysart.be\/attractions-and-leisure\/totemus\/"},"modified":"2024-03-17T12:12:56","modified_gmt":"2024-03-17T11:12:56","slug":"totemus","status":"publish","type":"page","link":"https:\/\/www.tourismejalhaysart.be\/en\/attractions-and-leisure\/totemus\/","title":{"rendered":"Totemus"},"content":{"rendered":"<h2 class=\"titleorange titleround titlewebshop\">Nouveau \u00e0 Sart! D\u00e9couvrez Totemus!<\/h2>\n<h3 class=\"titlegreen tabstitle\">Description<\/h3>\n<p><strong>Chasse aux tr\u00e9sors<\/strong><\/p>\n<p>Chargez l&#8217;application, partez \u00e0 la chasse aux tr\u00e9sors et (re)-d\u00e9couvrez les richesses du patrimoine. Parcourez nos r\u00e9gions de mani\u00e8re ludique et interactive, 365 jours par an et 24h sur 24 ! Avec de v\u00e9ritables jeux de piste grandeur nature, partez \u00e0 l\u2019aventure \u00e0 pied ou \u00e0 v\u00e9lo et progressez d\u2019un point d\u2019int\u00e9r\u00eat touristique \u00e0 l\u2019autre, en r\u00e9solvant des \u00e9nigmes, pour trouver o\u00f9 se cache le Totem !<\/p>\n<p><a href=\"https:\/\/totemus.be\/\">https:\/\/totemus.be\/<\/a><\/p>\n","protected":false},"excerpt":{"rendered":"<p>Nouveau \u00e0 Sart! D\u00e9couvrez Totemus! Description Chasse aux tr\u00e9sors Chargez l&#8217;application, partez \u00e0 la chasse aux tr\u00e9sors et (re)-d\u00e9couvrez les richesses du patrimoine. Parcourez nos r\u00e9gions de mani\u00e8re ludique et interactive, 365 jours par an et 24h sur 24 ! Avec de v\u00e9ritables jeux de piste grandeur nature, partez \u00e0 l\u2019aventure \u00e0 pied ou \u00e0 [&hellip;]<\/p>\n","protected":false},"author":1,"featured_media":29360,"parent":9266,"menu_order":0,"comment_status":"closed","ping_status":"closed","template":"","meta":{"_acf_changed":false,"footnotes":""},"class_list":["post-40711","page","type-page","status-publish","has-post-thumbnail","hentry"],"acf":[],"yoast_head":"<!-- This site is optimized with the Yoast SEO plugin v27.5 - https:\/\/yoast.com\/product\/yoast-seo-wordpress\/ -->\n<title>Totemus - Office du Tourisme de Jalhay Sart<\/title>\n<meta name=\"robots\" content=\"index, follow, max-snippet:-1, max-image-preview:large, max-video-preview:-1\" \/>\n<link rel=\"canonical\" href=\"https:\/\/www.tourismejalhaysart.be\/en\/attractions-and-leisure\/totemus\/\" \/>\n<meta property=\"og:locale\" content=\"en_US\" \/>\n<meta property=\"og:type\" content=\"article\" \/>\n<meta property=\"og:title\" content=\"Totemus - Office du Tourisme de Jalhay Sart\" \/>\n<meta property=\"og:description\" content=\"Nouveau \u00e0 Sart! D\u00e9couvrez Totemus! Description Chasse aux tr\u00e9sors Chargez l&#8217;application, partez \u00e0 la chasse aux tr\u00e9sors et (re)-d\u00e9couvrez les richesses du patrimoine. Parcourez nos r\u00e9gions de mani\u00e8re ludique et interactive, 365 jours par an et 24h sur 24 ! Avec de v\u00e9ritables jeux de piste grandeur nature, partez \u00e0 l\u2019aventure \u00e0 pied ou \u00e0 [&hellip;]\" \/>\n<meta property=\"og:url\" content=\"https:\/\/www.tourismejalhaysart.be\/en\/attractions-and-leisure\/totemus\/\" \/>\n<meta property=\"og:site_name\" content=\"Office du Tourisme de Jalhay Sart\" \/>\n<meta property=\"article:modified_time\" content=\"2024-03-17T11:12:56+00:00\" \/>\n<meta property=\"og:image\" content=\"https:\/\/www.tourismejalhaysart.be\/wp-content\/uploads\/2022\/06\/Visuel-Jalhay-1.jpg\" \/>\n\t<meta property=\"og:image:width\" content=\"700\" \/>\n\t<meta property=\"og:image:height\" content=\"394\" \/>\n\t<meta property=\"og:image:type\" content=\"image\/jpeg\" \/>\n<meta name=\"twitter:card\" content=\"summary_large_image\" \/>\n<script type=\"application\/ld+json\" class=\"yoast-schema-graph\">{\"@context\":\"https:\\\/\\\/schema.org\",\"@graph\":[{\"@type\":\"WebPage\",\"@id\":\"https:\\\/\\\/www.tourismejalhaysart.be\\\/en\\\/attractions-and-leisure\\\/totemus\\\/\",\"url\":\"https:\\\/\\\/www.tourismejalhaysart.be\\\/en\\\/attractions-and-leisure\\\/totemus\\\/\",\"name\":\"Totemus - Office du Tourisme de Jalhay Sart\",\"isPartOf\":{\"@id\":\"https:\\\/\\\/www.tourismejalhaysart.be\\\/en\\\/#website\"},\"primaryImageOfPage\":{\"@id\":\"https:\\\/\\\/www.tourismejalhaysart.be\\\/en\\\/attractions-and-leisure\\\/totemus\\\/#primaryimage\"},\"image\":{\"@id\":\"https:\\\/\\\/www.tourismejalhaysart.be\\\/en\\\/attractions-and-leisure\\\/totemus\\\/#primaryimage\"},\"thumbnailUrl\":\"https:\\\/\\\/www.tourismejalhaysart.be\\\/wp-content\\\/uploads\\\/2022\\\/06\\\/Visuel-Jalhay-1.jpg\",\"datePublished\":\"2022-06-30T15:16:24+00:00\",\"dateModified\":\"2024-03-17T11:12:56+00:00\",\"breadcrumb\":{\"@id\":\"https:\\\/\\\/www.tourismejalhaysart.be\\\/en\\\/attractions-and-leisure\\\/totemus\\\/#breadcrumb\"},\"inLanguage\":\"en-US\",\"potentialAction\":[{\"@type\":\"ReadAction\",\"target\":[\"https:\\\/\\\/www.tourismejalhaysart.be\\\/en\\\/attractions-and-leisure\\\/totemus\\\/\"]}]},{\"@type\":\"ImageObject\",\"inLanguage\":\"en-US\",\"@id\":\"https:\\\/\\\/www.tourismejalhaysart.be\\\/en\\\/attractions-and-leisure\\\/totemus\\\/#primaryimage\",\"url\":\"https:\\\/\\\/www.tourismejalhaysart.be\\\/wp-content\\\/uploads\\\/2022\\\/06\\\/Visuel-Jalhay-1.jpg\",\"contentUrl\":\"https:\\\/\\\/www.tourismejalhaysart.be\\\/wp-content\\\/uploads\\\/2022\\\/06\\\/Visuel-Jalhay-1.jpg\",\"width\":700,\"height\":394},{\"@type\":\"BreadcrumbList\",\"@id\":\"https:\\\/\\\/www.tourismejalhaysart.be\\\/en\\\/attractions-and-leisure\\\/totemus\\\/#breadcrumb\",\"itemListElement\":[{\"@type\":\"ListItem\",\"position\":1,\"name\":\"Accueil\",\"item\":\"https:\\\/\\\/www.tourismejalhaysart.be\\\/en\\\/\"},{\"@type\":\"ListItem\",\"position\":2,\"name\":\"Attractions and leisure\",\"item\":\"https:\\\/\\\/www.tourismejalhaysart.be\\\/en\\\/attractions-and-leisure\\\/\"},{\"@type\":\"ListItem\",\"position\":3,\"name\":\"Totemus\"}]},{\"@type\":\"WebSite\",\"@id\":\"https:\\\/\\\/www.tourismejalhaysart.be\\\/en\\\/#website\",\"url\":\"https:\\\/\\\/www.tourismejalhaysart.be\\\/en\\\/\",\"name\":\"Office du Tourisme de Jalhay Sart\",\"description\":\"aux sources de la nature\",\"potentialAction\":[{\"@type\":\"SearchAction\",\"target\":{\"@type\":\"EntryPoint\",\"urlTemplate\":\"https:\\\/\\\/www.tourismejalhaysart.be\\\/en\\\/?s={search_term_string}\"},\"query-input\":{\"@type\":\"PropertyValueSpecification\",\"valueRequired\":true,\"valueName\":\"search_term_string\"}}],\"inLanguage\":\"en-US\"}]}<\/script>\n<!-- \/ Yoast SEO plugin. -->","yoast_head_json":{"title":"Totemus - Office du Tourisme de Jalhay Sart","robots":{"index":"index","follow":"follow","max-snippet":"max-snippet:-1","max-image-preview":"max-image-preview:large","max-video-preview":"max-video-preview:-1"},"canonical":"https:\/\/www.tourismejalhaysart.be\/en\/attractions-and-leisure\/totemus\/","og_locale":"en_US","og_type":"article","og_title":"Totemus - Office du Tourisme de Jalhay Sart","og_description":"Nouveau \u00e0 Sart! D\u00e9couvrez Totemus! Description Chasse aux tr\u00e9sors Chargez l&#8217;application, partez \u00e0 la chasse aux tr\u00e9sors et (re)-d\u00e9couvrez les richesses du patrimoine. Parcourez nos r\u00e9gions de mani\u00e8re ludique et interactive, 365 jours par an et 24h sur 24 ! Avec de v\u00e9ritables jeux de piste grandeur nature, partez \u00e0 l\u2019aventure \u00e0 pied ou \u00e0 [&hellip;]","og_url":"https:\/\/www.tourismejalhaysart.be\/en\/attractions-and-leisure\/totemus\/","og_site_name":"Office du Tourisme de Jalhay Sart","article_modified_time":"2024-03-17T11:12:56+00:00","og_image":[{"width":700,"height":394,"url":"https:\/\/www.tourismejalhaysart.be\/wp-content\/uploads\/2022\/06\/Visuel-Jalhay-1.jpg","type":"image\/jpeg"}],"twitter_card":"summary_large_image","schema":{"@context":"https:\/\/schema.org","@graph":[{"@type":"WebPage","@id":"https:\/\/www.tourismejalhaysart.be\/en\/attractions-and-leisure\/totemus\/","url":"https:\/\/www.tourismejalhaysart.be\/en\/attractions-and-leisure\/totemus\/","name":"Totemus - Office du Tourisme de Jalhay Sart","isPartOf":{"@id":"https:\/\/www.tourismejalhaysart.be\/en\/#website"},"primaryImageOfPage":{"@id":"https:\/\/www.tourismejalhaysart.be\/en\/attractions-and-leisure\/totemus\/#primaryimage"},"image":{"@id":"https:\/\/www.tourismejalhaysart.be\/en\/attractions-and-leisure\/totemus\/#primaryimage"},"thumbnailUrl":"https:\/\/www.tourismejalhaysart.be\/wp-content\/uploads\/2022\/06\/Visuel-Jalhay-1.jpg","datePublished":"2022-06-30T15:16:24+00:00","dateModified":"2024-03-17T11:12:56+00:00","breadcrumb":{"@id":"https:\/\/www.tourismejalhaysart.be\/en\/attractions-and-leisure\/totemus\/#breadcrumb"},"inLanguage":"en-US","potentialAction":[{"@type":"ReadAction","target":["https:\/\/www.tourismejalhaysart.be\/en\/attractions-and-leisure\/totemus\/"]}]},{"@type":"ImageObject","inLanguage":"en-US","@id":"https:\/\/www.tourismejalhaysart.be\/en\/attractions-and-leisure\/totemus\/#primaryimage","url":"https:\/\/www.tourismejalhaysart.be\/wp-content\/uploads\/2022\/06\/Visuel-Jalhay-1.jpg","contentUrl":"https:\/\/www.tourismejalhaysart.be\/wp-content\/uploads\/2022\/06\/Visuel-Jalhay-1.jpg","width":700,"height":394},{"@type":"BreadcrumbList","@id":"https:\/\/www.tourismejalhaysart.be\/en\/attractions-and-leisure\/totemus\/#breadcrumb","itemListElement":[{"@type":"ListItem","position":1,"name":"Accueil","item":"https:\/\/www.tourismejalhaysart.be\/en\/"},{"@type":"ListItem","position":2,"name":"Attractions and leisure","item":"https:\/\/www.tourismejalhaysart.be\/en\/attractions-and-leisure\/"},{"@type":"ListItem","position":3,"name":"Totemus"}]},{"@type":"WebSite","@id":"https:\/\/www.tourismejalhaysart.be\/en\/#website","url":"https:\/\/www.tourismejalhaysart.be\/en\/","name":"Office du Tourisme de Jalhay Sart","description":"aux sources de la nature","potentialAction":[{"@type":"SearchAction","target":{"@type":"EntryPoint","urlTemplate":"https:\/\/www.tourismejalhaysart.be\/en\/?s={search_term_string}"},"query-input":{"@type":"PropertyValueSpecification","valueRequired":true,"valueName":"search_term_string"}}],"inLanguage":"en-US"}]}},"wpml_current_locale":"en_US","wpml_translations":{"de_DE":{"locale":"de_DE","id":40712,"slug":"totemus","post_title":"Totemus","href":"https:\/\/www.tourismejalhaysart.be\/de\/freizeit-entspannung\/totemus\/"}},"_links":{"self":[{"href":"https:\/\/www.tourismejalhaysart.be\/en\/wp-json\/wp\/v2\/pages\/40711","targetHints":{"allow":["GET"]}}],"collection":[{"href":"https:\/\/www.tourismejalhaysart.be\/en\/wp-json\/wp\/v2\/pages"}],"about":[{"href":"https:\/\/www.tourismejalhaysart.be\/en\/wp-json\/wp\/v2\/types\/page"}],"author":[{"embeddable":true,"href":"https:\/\/www.tourismejalhaysart.be\/en\/wp-json\/wp\/v2\/users\/1"}],"replies":[{"embeddable":true,"href":"https:\/\/www.tourismejalhaysart.be\/en\/wp-json\/wp\/v2\/comments?post=40711"}],"version-history":[{"count":1,"href":"https:\/\/www.tourismejalhaysart.be\/en\/wp-json\/wp\/v2\/pages\/40711\/revisions"}],"predecessor-version":[{"id":40714,"href":"https:\/\/www.tourismejalhaysart.be\/en\/wp-json\/wp\/v2\/pages\/40711\/revisions\/40714"}],"up":[{"embeddable":true,"href":"https:\/\/www.tourismejalhaysart.be\/en\/wp-json\/wp\/v2\/pages\/9266"}],"wp:featuredmedia":[{"embeddable":true,"href":"https:\/\/www.tourismejalhaysart.be\/en\/wp-json\/wp\/v2\/media\/29360"}],"wp:attachment":[{"href":"https:\/\/www.tourismejalhaysart.be\/en\/wp-json\/wp\/v2\/media?parent=40711"}],"curies":[{"name":"wp","href":"https:\/\/api.w.org\/{rel}","templated":true}]}}