{"id":40513,"date":"2016-06-24T13:10:34","date_gmt":"2016-06-24T12:10:34","guid":{"rendered":"https:\/\/www.tourismejalhaysart.be\/freizeit-entspannung\/extratrail-routes\/"},"modified":"2024-06-24T08:15:33","modified_gmt":"2024-06-24T07:15:33","slug":"extratrail-routes","status":"publish","type":"page","link":"https:\/\/www.tourismejalhaysart.be\/de\/freizeit-entspannung\/wanderungen\/extratrail-routes\/","title":{"rendered":"ExtraTrail-Strecken"},"content":{"rendered":"<p><strong><em>Trail Running &amp; Nordic Walking \u2013 Permanente markierte Strecken\u00a0<\/em><\/strong><\/p>\n<p><em>\u00a0<\/em><\/p>\n<p><em>Willkommen in Jalhay, wo der Trail keine Grenzen kennt ! Im Herzen der Belgischen Ardennen neue Gebiete 100% pur Natur\u00a0entdecken! Erstes belgisches Streckennetz f\u00fcr die Aus\u00fcbung von Trail und Nordic Walking. EXTRATRAIL bietet miteinander verbundene Strecken von 12, 13, 26 und 40 km an, die durch eine Region mit atemberaubend sch\u00f6nen Landschaften und Naturreservaten f\u00fchren. <\/em><\/p>\n<p><em>\u00a0<\/em><\/p>\n<p><em>Forstwege und einspurige Wege machen 92% der Extratrail-Strecken aus. <\/em><\/p>\n<ul>\n<li><em> Markierte Wege<br \/>\n\u2022 Abwechslungsreiche Strecken<br \/>\n\u2022 Garantierte H\u00f6henunterschiede<br \/>\n\u2022 Das ganze Jahr kostenlos zug\u00e4nglich f\u00fcr Anf\u00e4nger , erfahrene und professionelle Traill\u00e4ufer.<\/em><\/li>\n<\/ul>\n<p><em>\u00a0<\/em><\/p>\n<p><em>\u00a0<\/em><\/p>\n<p><iframe loading=\"lazy\" title=\"Extratrail - Beyond the Track\" src=\"https:\/\/player.vimeo.com\/video\/293944615?dnt=1&amp;app_id=122963\" width=\"500\" height=\"211\" frameborder=\"0\" allow=\"autoplay; fullscreen; picture-in-picture; clipboard-write\"><\/iframe><\/p>\n<p><em> (ganzj\u00e4hrig ge\u00f6ffnet \u2013 Hinweise auf Streckenschliessungen beachten!)<\/em><br \/>\n<a href=\"http:\/\/www.extratrail.com\/fr\/trail-a-jalhay\/\" target=\"_blank\" rel=\"noopener noreferrer\">http:\/\/www.extratrail.com\/fr\/trail-a-jalhay\/<\/a><br \/>\nCopyright photo Eric Vervier<\/p>\n\n","protected":false},"excerpt":{"rendered":"<p>Trail Running &amp; Nordic Walking \u2013 Permanente markierte Strecken\u00a0 \u00a0 Willkommen in Jalhay, wo der Trail keine Grenzen kennt ! Im Herzen der Belgischen Ardennen neue Gebiete 100% pur Natur\u00a0entdecken! Erstes belgisches Streckennetz f\u00fcr die Aus\u00fcbung von Trail und Nordic Walking. EXTRATRAIL bietet miteinander verbundene Strecken von 12, 13, 26 und 40 km an, die [&hellip;]<\/p>\n","protected":false},"author":1,"featured_media":0,"parent":10700,"menu_order":0,"comment_status":"closed","ping_status":"closed","template":"page-custom-balades.php","meta":{"_acf_changed":false,"footnotes":""},"class_list":["post-40513","page","type-page","status-publish","hentry"],"acf":[],"yoast_head":"<!-- This site is optimized with the Yoast SEO plugin v27.5 - https:\/\/yoast.com\/product\/yoast-seo-wordpress\/ -->\n<title>ExtraTrail-Strecken - Office du Tourisme de Jalhay Sart<\/title>\n<meta name=\"robots\" content=\"index, follow, max-snippet:-1, max-image-preview:large, max-video-preview:-1\" \/>\n<link rel=\"canonical\" href=\"https:\/\/www.tourismejalhaysart.be\/de\/freizeit-entspannung\/wanderungen\/extratrail-routes\/\" \/>\n<meta property=\"og:locale\" content=\"de_DE\" \/>\n<meta property=\"og:type\" content=\"article\" \/>\n<meta property=\"og:title\" content=\"ExtraTrail-Strecken - Office du Tourisme de Jalhay Sart\" \/>\n<meta property=\"og:description\" content=\"Trail Running &amp; Nordic Walking \u2013 Permanente markierte Strecken\u00a0 \u00a0 Willkommen in Jalhay, wo der Trail keine Grenzen kennt ! Im Herzen der Belgischen Ardennen neue Gebiete 100% pur Natur\u00a0entdecken! Erstes belgisches Streckennetz f\u00fcr die Aus\u00fcbung von Trail und Nordic Walking. EXTRATRAIL bietet miteinander verbundene Strecken von 12, 13, 26 und 40 km an, die [&hellip;]\" \/>\n<meta property=\"og:url\" content=\"https:\/\/www.tourismejalhaysart.be\/de\/freizeit-entspannung\/wanderungen\/extratrail-routes\/\" \/>\n<meta property=\"og:site_name\" content=\"Office du Tourisme de Jalhay Sart\" \/>\n<meta property=\"article:modified_time\" content=\"2024-06-24T07:15:33+00:00\" \/>\n<meta name=\"twitter:card\" content=\"summary_large_image\" \/>\n<meta name=\"twitter:label1\" content=\"Gesch\u00e4tzte Lesezeit\" \/>\n\t<meta name=\"twitter:data1\" content=\"1\u00a0Minute\" \/>\n<script type=\"application\/ld+json\" class=\"yoast-schema-graph\">{\"@context\":\"https:\\\/\\\/schema.org\",\"@graph\":[{\"@type\":\"WebPage\",\"@id\":\"https:\\\/\\\/www.tourismejalhaysart.be\\\/de\\\/freizeit-entspannung\\\/wanderungen\\\/extratrail-routes\\\/\",\"url\":\"https:\\\/\\\/www.tourismejalhaysart.be\\\/de\\\/freizeit-entspannung\\\/wanderungen\\\/extratrail-routes\\\/\",\"name\":\"ExtraTrail-Strecken - Office du Tourisme de Jalhay Sart\",\"isPartOf\":{\"@id\":\"https:\\\/\\\/www.tourismejalhaysart.be\\\/de\\\/#website\"},\"datePublished\":\"2016-06-24T12:10:34+00:00\",\"dateModified\":\"2024-06-24T07:15:33+00:00\",\"breadcrumb\":{\"@id\":\"https:\\\/\\\/www.tourismejalhaysart.be\\\/de\\\/freizeit-entspannung\\\/wanderungen\\\/extratrail-routes\\\/#breadcrumb\"},\"inLanguage\":\"de\",\"potentialAction\":[{\"@type\":\"ReadAction\",\"target\":[\"https:\\\/\\\/www.tourismejalhaysart.be\\\/de\\\/freizeit-entspannung\\\/wanderungen\\\/extratrail-routes\\\/\"]}]},{\"@type\":\"BreadcrumbList\",\"@id\":\"https:\\\/\\\/www.tourismejalhaysart.be\\\/de\\\/freizeit-entspannung\\\/wanderungen\\\/extratrail-routes\\\/#breadcrumb\",\"itemListElement\":[{\"@type\":\"ListItem\",\"position\":1,\"name\":\"Accueil\",\"item\":\"https:\\\/\\\/www.tourismejalhaysart.be\\\/de\\\/\"},{\"@type\":\"ListItem\",\"position\":2,\"name\":\"Freizeit &#038; Entspannung\",\"item\":\"https:\\\/\\\/www.tourismejalhaysart.be\\\/de\\\/freizeit-entspannung\\\/\"},{\"@type\":\"ListItem\",\"position\":3,\"name\":\"ExtraTrail-Strecken\"}]},{\"@type\":\"WebSite\",\"@id\":\"https:\\\/\\\/www.tourismejalhaysart.be\\\/de\\\/#website\",\"url\":\"https:\\\/\\\/www.tourismejalhaysart.be\\\/de\\\/\",\"name\":\"Office du Tourisme de Jalhay Sart\",\"description\":\"aux sources de la nature\",\"potentialAction\":[{\"@type\":\"SearchAction\",\"target\":{\"@type\":\"EntryPoint\",\"urlTemplate\":\"https:\\\/\\\/www.tourismejalhaysart.be\\\/de\\\/?s={search_term_string}\"},\"query-input\":{\"@type\":\"PropertyValueSpecification\",\"valueRequired\":true,\"valueName\":\"search_term_string\"}}],\"inLanguage\":\"de\"}]}<\/script>\n<!-- \/ Yoast SEO plugin. -->","yoast_head_json":{"title":"ExtraTrail-Strecken - Office du Tourisme de Jalhay Sart","robots":{"index":"index","follow":"follow","max-snippet":"max-snippet:-1","max-image-preview":"max-image-preview:large","max-video-preview":"max-video-preview:-1"},"canonical":"https:\/\/www.tourismejalhaysart.be\/de\/freizeit-entspannung\/wanderungen\/extratrail-routes\/","og_locale":"de_DE","og_type":"article","og_title":"ExtraTrail-Strecken - Office du Tourisme de Jalhay Sart","og_description":"Trail Running &amp; Nordic Walking \u2013 Permanente markierte Strecken\u00a0 \u00a0 Willkommen in Jalhay, wo der Trail keine Grenzen kennt ! Im Herzen der Belgischen Ardennen neue Gebiete 100% pur Natur\u00a0entdecken! Erstes belgisches Streckennetz f\u00fcr die Aus\u00fcbung von Trail und Nordic Walking. EXTRATRAIL bietet miteinander verbundene Strecken von 12, 13, 26 und 40 km an, die [&hellip;]","og_url":"https:\/\/www.tourismejalhaysart.be\/de\/freizeit-entspannung\/wanderungen\/extratrail-routes\/","og_site_name":"Office du Tourisme de Jalhay Sart","article_modified_time":"2024-06-24T07:15:33+00:00","twitter_card":"summary_large_image","twitter_misc":{"Gesch\u00e4tzte Lesezeit":"1\u00a0Minute"},"schema":{"@context":"https:\/\/schema.org","@graph":[{"@type":"WebPage","@id":"https:\/\/www.tourismejalhaysart.be\/de\/freizeit-entspannung\/wanderungen\/extratrail-routes\/","url":"https:\/\/www.tourismejalhaysart.be\/de\/freizeit-entspannung\/wanderungen\/extratrail-routes\/","name":"ExtraTrail-Strecken - Office du Tourisme de Jalhay Sart","isPartOf":{"@id":"https:\/\/www.tourismejalhaysart.be\/de\/#website"},"datePublished":"2016-06-24T12:10:34+00:00","dateModified":"2024-06-24T07:15:33+00:00","breadcrumb":{"@id":"https:\/\/www.tourismejalhaysart.be\/de\/freizeit-entspannung\/wanderungen\/extratrail-routes\/#breadcrumb"},"inLanguage":"de","potentialAction":[{"@type":"ReadAction","target":["https:\/\/www.tourismejalhaysart.be\/de\/freizeit-entspannung\/wanderungen\/extratrail-routes\/"]}]},{"@type":"BreadcrumbList","@id":"https:\/\/www.tourismejalhaysart.be\/de\/freizeit-entspannung\/wanderungen\/extratrail-routes\/#breadcrumb","itemListElement":[{"@type":"ListItem","position":1,"name":"Accueil","item":"https:\/\/www.tourismejalhaysart.be\/de\/"},{"@type":"ListItem","position":2,"name":"Freizeit &#038; Entspannung","item":"https:\/\/www.tourismejalhaysart.be\/de\/freizeit-entspannung\/"},{"@type":"ListItem","position":3,"name":"ExtraTrail-Strecken"}]},{"@type":"WebSite","@id":"https:\/\/www.tourismejalhaysart.be\/de\/#website","url":"https:\/\/www.tourismejalhaysart.be\/de\/","name":"Office du Tourisme de Jalhay Sart","description":"aux sources de la nature","potentialAction":[{"@type":"SearchAction","target":{"@type":"EntryPoint","urlTemplate":"https:\/\/www.tourismejalhaysart.be\/de\/?s={search_term_string}"},"query-input":{"@type":"PropertyValueSpecification","valueRequired":true,"valueName":"search_term_string"}}],"inLanguage":"de"}]}},"wpml_current_locale":"de_DE","wpml_translations":[],"_links":{"self":[{"href":"https:\/\/www.tourismejalhaysart.be\/de\/wp-json\/wp\/v2\/pages\/40513","targetHints":{"allow":["GET"]}}],"collection":[{"href":"https:\/\/www.tourismejalhaysart.be\/de\/wp-json\/wp\/v2\/pages"}],"about":[{"href":"https:\/\/www.tourismejalhaysart.be\/de\/wp-json\/wp\/v2\/types\/page"}],"author":[{"embeddable":true,"href":"https:\/\/www.tourismejalhaysart.be\/de\/wp-json\/wp\/v2\/users\/1"}],"replies":[{"embeddable":true,"href":"https:\/\/www.tourismejalhaysart.be\/de\/wp-json\/wp\/v2\/comments?post=40513"}],"version-history":[{"count":2,"href":"https:\/\/www.tourismejalhaysart.be\/de\/wp-json\/wp\/v2\/pages\/40513\/revisions"}],"predecessor-version":[{"id":41274,"href":"https:\/\/www.tourismejalhaysart.be\/de\/wp-json\/wp\/v2\/pages\/40513\/revisions\/41274"}],"up":[{"embeddable":true,"href":"https:\/\/www.tourismejalhaysart.be\/de\/wp-json\/wp\/v2\/pages\/10700"}],"wp:attachment":[{"href":"https:\/\/www.tourismejalhaysart.be\/de\/wp-json\/wp\/v2\/media?parent=40513"}],"curies":[{"name":"wp","href":"https:\/\/api.w.org\/{rel}","templated":true}]}}