{"id":10685,"date":"2016-07-11T08:11:10","date_gmt":"2016-07-11T07:11:10","guid":{"rendered":"http:\/\/www.tourismejalhaysart.be\/de\/?page_id=10685"},"modified":"2023-10-31T11:05:14","modified_gmt":"2023-10-31T10:05:14","slug":"unsere-doerfer","status":"publish","type":"page","link":"https:\/\/www.tourismejalhaysart.be\/de\/entdecken\/unsere-doerfer\/","title":{"rendered":"Unsere D\u00f6rfer"},"content":{"rendered":"<h2><img decoding=\"async\" class=\"alignright size-full wp-image-3131\" src=\"https:\/\/www.tourismejalhaysart.be\/wp-content\/uploads\/2016\/04\/sart3.jpg\" alt=\"sart3\" width=\"250\" height=\"250\" srcset=\"https:\/\/www.tourismejalhaysart.be\/wp-content\/uploads\/2016\/04\/sart3.jpg 250w, https:\/\/www.tourismejalhaysart.be\/wp-content\/uploads\/2016\/04\/sart3-100x100.jpg 100w\" sizes=\"(max-width: 250px) 100vw, 250px\" \/>SART<\/h2>\n<p>Sart ist eines der \u00e4ltesten D\u00f6rfer der Ardennen in dem es noch Weiden gibt, das seinen typischen Charakter behalten hat. Der Name Sart bedeutet \u201eLand, das f\u00fcr die Kultivierung gerodet wurde\u201c. Die ersten Rodungen fanden zu Beginn des 10. Jahrhunderts statt. Im 15. Jahrhundert erlebte Sart seine Bl\u00fctezeit: Die Metallindustrie des Wayai- und Ho\u00ebgne-Beckens boomte. Die Schmieden und Platinwerke waren zahlreich und renommiert, und es gab aktiver Handel mit allen Zentren des F\u00fcrstentums und sogar des Reiches. Im Jahr 1468 hat Karl der K\u00fchne die Region in Brand und Blut verw\u00fcstet, aber Sart wurde wiedergeboren, bevor die Metallurgie um das 18. Jahrhundert endg\u00fcltig abklingt. Die Berufung des Dorfes wird nunmehr im Wesentlichen landwirtschaftlich sein.<\/p>\n<p>&nbsp;<\/p>\n<p>&nbsp;<\/p>\n<h2><img decoding=\"async\" class=\"alignleft wp-image-3133 size-full\" src=\"https:\/\/www.tourismejalhaysart.be\/wp-content\/uploads\/2016\/04\/tiege.jpg\" alt=\"tiege\" width=\"250\" height=\"250\" srcset=\"https:\/\/www.tourismejalhaysart.be\/wp-content\/uploads\/2016\/04\/tiege.jpg 250w, https:\/\/www.tourismejalhaysart.be\/wp-content\/uploads\/2016\/04\/tiege-100x100.jpg 100w\" sizes=\"(max-width: 250px) 100vw, 250px\" \/>TIEGE<\/h2>\n<p>Tiege hat eine lange Vorgeschichte mit wichtigem Scheideweg.\u00a0 Die Wege, die sich dort kreuzten, waren damals f\u00fcr die wirtschaftliche Entwicklung der Region von entscheidender Bedeutung. Leider bietet dieser Scheideweg auch Wege des Eindringens f\u00fcr Krieg f\u00fchrende M\u00e4chte in den vier Ecken Europas, was Ti\u00e8ge und Sart f\u00fcr mehrere Jahrhunderte zu einem Land der Invasionen machte. Von 1907 bis 1952 war es die Stra\u00dfenbahn, die Ti\u00e8ge in der ersten H\u00e4lfte des 20. Jahrhunderts f\u00fcr viele Touristen zur obligatorischen Durchfahrt machte. Ferienvillen wechseln sich mit Bauernh\u00e4usern in der traditionellen l\u00e4ndlichen Umgebung ab, von denen es noch einige bemerkenswerte Beispiele gibt.<\/p>\n<p>&nbsp;<\/p>\n<p>&nbsp;<\/p>\n<h2><img decoding=\"async\" class=\"alignright size-full wp-image-3138\" src=\"https:\/\/www.tourismejalhaysart.be\/wp-content\/uploads\/2016\/04\/foyr.jpg\" alt=\"foyr\" width=\"250\" height=\"250\" srcset=\"https:\/\/www.tourismejalhaysart.be\/wp-content\/uploads\/2016\/04\/foyr.jpg 250w, https:\/\/www.tourismejalhaysart.be\/wp-content\/uploads\/2016\/04\/foyr-100x100.jpg 100w\" sizes=\"(max-width: 250px) 100vw, 250px\" \/><\/h2>\n<h2><\/h2>\n<h2>FOYR<\/h2>\n<p>Der Name &#8220;Foyr&#8221;, abgeleitet von &#8220;Foye&#8221; (Blatt), ist mit dem franz\u00f6sischen &#8220;Feuill\u00e9e&#8221; zu vergleichen. Es wurde unter den Bl\u00e4ttern im Wald erbaut, eine Oase des Friedens in der unruhigen Zeit des 15. Jahrhunderts. Es stellt sich heraus, dass es das landwirtschaftlichste Dorf in der Stadt Jalhay ist, das es uns erm\u00f6glicht, den landwirtschaftlichen Lebensraum und die vielen Wassertr\u00f6ge entlang der Wege zu beobachten.<\/p>\n<p>&nbsp;<\/p>\n<p>&nbsp;<\/p>\n<h2><img decoding=\"async\" class=\"alignleft size-full wp-image-3148\" src=\"https:\/\/www.tourismejalhaysart.be\/wp-content\/uploads\/2016\/04\/jalhay-1.jpg\" alt=\"jalhay\" width=\"250\" height=\"250\" srcset=\"https:\/\/www.tourismejalhaysart.be\/wp-content\/uploads\/2016\/04\/jalhay-1.jpg 250w, https:\/\/www.tourismejalhaysart.be\/wp-content\/uploads\/2016\/04\/jalhay-1-100x100.jpg 100w\" sizes=\"(max-width: 250px) 100vw, 250px\" \/>JALHAY<\/h2>\n<p>Jalhay, ein Venndorf, liegt nur wenige Kilometer vom Dach Belgiens entfernt, in einer H\u00f6he von 400 Metern.\u00a0 Es scheint, dass Jalhay immer dem Schicksal des Landes Franchimont, dem Jagdrevier Karls des Gro\u00dfen, gefolgt ist. Der K\u00f6nig von Lotharingien, Zwentibold, schenkte dieses Land 1012 dem F\u00fcrstbischof von L\u00fcttich, der sich daran machte, sein Gut zu roden und zu bewirtschaften. Die Region war reich an Mineralien, und die Eisenindustrie entwickelte sich entlang der gesamten Ho\u00ebgne. Leider war diese Industrie nicht immer vorteilhaft f\u00fcr die Region. Wir erinnern uns an Karl den K\u00fchnen, Herzog von Burgund, der kam, um die Schmieden zu zerst\u00f6ren, in denen die Waffen der &#8220;Sechshundert Franchimonten&#8221;, die 1468 in L\u00fcttich gegen ihn k\u00e4mpften, eingeschmolzen worden waren. Die N\u00e4he des Herzogtums Limburg f\u00fchrte dazu, dass Jalhay regelm\u00e4\u00dfig von ausl\u00e4ndischen Truppen \u00fcberfallen, gepl\u00fcndert und verbrannt wurde, mit allen nur denkbaren Bel\u00e4stigungen f\u00fcr die Bev\u00f6lkerung. In Jalhay wurde ein Gerichtshof eingerichtet, dadurch erhielt Jalhay den Titel &#8220;Stadt&#8221;. Die Sch\u00f6ffen sa\u00dfen dort bereits 1405. Viel sp\u00e4ter verlegt Napoleon ihn nach Malmedy, und Jalhay verlor ihren Status und ihren Einfluss&#8230;<\/p>\n<p>&nbsp;<\/p>\n<h2><img decoding=\"async\" class=\"alignright size-full wp-image-3151\" src=\"https:\/\/www.tourismejalhaysart.be\/wp-content\/uploads\/2016\/04\/niveze.jpg\" alt=\"niveze\" width=\"250\" height=\"250\" srcset=\"https:\/\/www.tourismejalhaysart.be\/wp-content\/uploads\/2016\/04\/niveze.jpg 250w, https:\/\/www.tourismejalhaysart.be\/wp-content\/uploads\/2016\/04\/niveze-100x100.jpg 100w\" sizes=\"(max-width: 250px) 100vw, 250px\" \/>NIVEZE<\/h2>\n<p>In der Vergangenheit war das Dorf im Wesentlichen l\u00e4ndlich und landwirtschaftlich gepr\u00e4gt, mit einigen Dutzend kleinen Bauernh\u00f6fen. Im 19. Jahrhundert erlebte es eine starke Erweiterung um eine Erweiterung von Spa zu werden mit neuen Bauten und vor allem mit luxuri\u00f6sen Villen, die aus der Sch\u00e4rmerei des reichen B\u00fcrgertums f\u00fcr die Wasserstadt resultierten. Seit Beginn des 18. Jahrhunderts wurde Interesse an den \u201ePouhons\u201c von Nivez\u00e9 gezeigt. Als das heute noch bewunderte Bad 1867 gebaut wurde, musste es mit Wasser versorgt werden. Die Quellen von Nivez\u00e9 lieferten dann eisenhaltiges Wasser von ausgezeichneter Qualit\u00e4t. Diese Abscheidung befindet sich in der N\u00e4he des Warfaz-Sees und der Wellington-Quelle. Diese Quelle erhielt den Namen &#8220;Marie-Henriette-Quelle&#8221;. Dieses Wasser, das von Natur aus leicht sprudelnd ist, wird derzeit unter diesem Namen von S.A. Spa-Monopol vermarktet. Die Besonderheit des Dorfes Nivez\u00e9 ist verwaltungstechnisch in zwei Teile geteilt zu sein, geteilt vom Bach &#8220;Le Soyeuru&#8221; zwischen Spa und Sart-Jalhay.<\/p>\n<p>&nbsp;<\/p>\n<p>&nbsp;<\/p>\n<p>&nbsp;<\/p>\n<p>&nbsp;<\/p>\n<h2><img decoding=\"async\" class=\"alignleft size-full wp-image-3153\" src=\"https:\/\/www.tourismejalhaysart.be\/wp-content\/uploads\/2016\/04\/charneux.jpg\" alt=\"charneux\" width=\"250\" height=\"250\" srcset=\"https:\/\/www.tourismejalhaysart.be\/wp-content\/uploads\/2016\/04\/charneux.jpg 250w, https:\/\/www.tourismejalhaysart.be\/wp-content\/uploads\/2016\/04\/charneux-100x100.jpg 100w\" sizes=\"(max-width: 250px) 100vw, 250px\" \/>CHARNEUX<\/h2>\n<p>Der Name Charneux kommt vom wallonischen &#8220;tcharnale&#8221;, was so viel bedeutet wie &#8220;Ort, der mit Hainbuchen bepflanzt ist&#8221;.\u00a0 Unter dem Ancien R\u00e9gime, d.h. vor 1793, geh\u00f6rte der Wald von Gospinal zwischen der Sawe, der Statte, der Ho\u00ebgne, dem kleinen Fluss in Dison und Piron-Ch\u00eaneu dem F\u00fcrstbischof von L\u00fcttich. Um dem Missbrauch des Kohleabbaus und der Abholzung seiner W\u00e4lder ein Ende zu setzen, ordnete dieser bereits im 16. Jahrhundert an, die f\u00fcrstlichen W\u00e4lder auf dem Gebiet der Markgrafschaft Franchimont abzugrenzen, einschlie\u00dflich Jalhay, Sart, Spa, Theux und Verviers. Diese Abgrenzung wurde vor Ort durch B\u00f6schungskreuze verwirklicht, die dann Ende des 18. Jahrhunderts durch FDP-Markierungen ersetzt wurden, die &#8220;For\u00eat du Prince&#8221; bedeuten und &#8220;Le Prince-Ev\u00eaque de Li\u00e8ge&#8221; (Der F\u00fcrstbischof von L\u00fcttich) implizieren. Der Gospinalwald wurde somit durch 71 FDP-Markierungen abgegrenzt. Von diesen 71 Markierungen wurden bisher nur 6 wiedergefunden.<\/p>\n<h2><\/h2>\n<h2><img decoding=\"async\" class=\"alignright size-full wp-image-3155\" src=\"https:\/\/www.tourismejalhaysart.be\/wp-content\/uploads\/2016\/04\/surister.jpg\" alt=\"surister\" width=\"250\" height=\"250\" srcset=\"https:\/\/www.tourismejalhaysart.be\/wp-content\/uploads\/2016\/04\/surister.jpg 250w, https:\/\/www.tourismejalhaysart.be\/wp-content\/uploads\/2016\/04\/surister-100x100.jpg 100w\" sizes=\"(max-width: 250px) 100vw, 250px\" \/>SURISTER<\/h2>\n<p>Das Stra\u00dfendorf Surister liegt auf einem Bergr\u00fccken, der zwei B\u00e4che voneinander trennt. Dieses Dorf erstreckt sich also entlang einer wichtigen Stra\u00dfe, auf der alle Machtsymbole des Mittelalters zu finden sind. Und zwar findet man diese ausgehend von der Ho\u00ebgne, der Bannm\u00fchle, der Burg des Herrn und der Treppe und, weitergehend, beim Verlassen des Gebiets, in Foyr, findet man den Galgen oder den H\u00e4ngeplatz. Bis zur Franz\u00f6sischen Revolution war Surister ein Lehnsgut, ein vom F\u00fcrstbischof von L\u00fcttich zugewiesenes Lehen, im Gegensatz zu Jalhay, das mit Foyr und Charneux direkt vom F\u00fcrstbischof abh\u00e4ngig war. Dar\u00fcber hinaus wird Surister auch heute noch &#8220;la Petite France&#8221; genannt, weil in der Vergangenheit die Familie de Groulard, urspr\u00fcnglich aus Dinan in der Bretagne, \u00fcber die Bewohner aus Surister regiert h\u00e4tte.<\/p>\n<p>&nbsp;<\/p>\n<p>&nbsp;<\/p>\n<h2><img decoding=\"async\" class=\"alignleft size-full wp-image-3157\" src=\"https:\/\/www.tourismejalhaysart.be\/wp-content\/uploads\/2016\/04\/solwaster.jpg\" alt=\"solwaster\" width=\"250\" height=\"250\" srcset=\"https:\/\/www.tourismejalhaysart.be\/wp-content\/uploads\/2016\/04\/solwaster.jpg 250w, https:\/\/www.tourismejalhaysart.be\/wp-content\/uploads\/2016\/04\/solwaster-100x100.jpg 100w\" sizes=\"(max-width: 250px) 100vw, 250px\" \/>SOLWASTER<\/h2>\n<p>Der Name Solwaster kommt von &#8220;solistat&#8221;, was &#8220;auf der Statte&#8221; bedeutet, und die Bewohner dieses h\u00fcbschen Dorfes werden die &#8220;Lopets&#8221; genannt. Der Solwaster ist eine der Poren, durch die die Seele der tiefen Ardennen atmet, eingebettet auf dem Gipfel zwischen der Ho\u00ebgne und der Statte. Sie hat sich den ganzen Charme der kleinen agro-pastoralen D\u00f6rfer bewahrt, die f\u00fcr die Hochebene des Venns im 19. Jahrhundert charakteristisch war. 1981 wurde sie vom &#8220;Readers Digest&#8221; als eines der sch\u00f6nsten D\u00f6rfer Belgiens zitiert.<\/p>\n<h2><\/h2>\n<p>&nbsp;<\/p>\n<h2><\/h2>\n<h2><\/h2>\n<h2><img decoding=\"async\" class=\"alignright size-full wp-image-3159\" src=\"https:\/\/www.tourismejalhaysart.be\/wp-content\/uploads\/2016\/04\/herbiester.jpg\" alt=\"herbiester\" width=\"250\" height=\"250\" srcset=\"https:\/\/www.tourismejalhaysart.be\/wp-content\/uploads\/2016\/04\/herbiester.jpg 250w, https:\/\/www.tourismejalhaysart.be\/wp-content\/uploads\/2016\/04\/herbiester-100x100.jpg 100w\" sizes=\"(max-width: 250px) 100vw, 250px\" \/>HERBIESTER<\/h2>\n<p>Herbiester ist ein Dorf in der l\u00e4ndlichen Gegend Jahlays. Der Name Herbiester kommt von \u00ab\u00a0ster\u00a0\u00bb von Herbert, dies zeigt, wo sich einer der ersten Bewohner (Herbert) niedergelassen hat.<\/p>\n<p>&nbsp;<\/p>\n","protected":false},"excerpt":{"rendered":"<p>SART Sart ist eines der \u00e4ltesten D\u00f6rfer der Ardennen in dem es noch Weiden gibt, das seinen typischen Charakter behalten hat. Der Name Sart bedeutet \u201eLand, das f\u00fcr die Kultivierung gerodet wurde\u201c. Die ersten Rodungen fanden zu Beginn des 10. Jahrhunderts statt. Im 15. Jahrhundert erlebte Sart seine Bl\u00fctezeit: Die Metallindustrie des Wayai- und Ho\u00ebgne-Beckens [&hellip;]<\/p>\n","protected":false},"author":1,"featured_media":0,"parent":10683,"menu_order":0,"comment_status":"closed","ping_status":"closed","template":"page-nos-villages.php","meta":{"_acf_changed":false,"footnotes":""},"class_list":["post-10685","page","type-page","status-publish","hentry"],"acf":[],"yoast_head":"<!-- This site is optimized with the Yoast SEO plugin v27.6 - https:\/\/yoast.com\/product\/yoast-seo-wordpress\/ -->\n<title>Unsere D\u00f6rfer - Office du Tourisme de Jalhay Sart<\/title>\n<meta name=\"robots\" content=\"index, follow, max-snippet:-1, max-image-preview:large, max-video-preview:-1\" \/>\n<link rel=\"canonical\" href=\"https:\/\/www.tourismejalhaysart.be\/de\/entdecken\/unsere-doerfer\/\" \/>\n<meta property=\"og:locale\" content=\"de_DE\" \/>\n<meta property=\"og:type\" content=\"article\" \/>\n<meta property=\"og:title\" content=\"Unsere D\u00f6rfer - Office du Tourisme de Jalhay Sart\" \/>\n<meta property=\"og:description\" content=\"SART Sart ist eines der \u00e4ltesten D\u00f6rfer der Ardennen in dem es noch Weiden gibt, das seinen typischen Charakter behalten hat. Der Name Sart bedeutet \u201eLand, das f\u00fcr die Kultivierung gerodet wurde\u201c. Die ersten Rodungen fanden zu Beginn des 10. Jahrhunderts statt. Im 15. Jahrhundert erlebte Sart seine Bl\u00fctezeit: Die Metallindustrie des Wayai- und Ho\u00ebgne-Beckens [&hellip;]\" \/>\n<meta property=\"og:url\" content=\"https:\/\/www.tourismejalhaysart.be\/de\/entdecken\/unsere-doerfer\/\" \/>\n<meta property=\"og:site_name\" content=\"Office du Tourisme de Jalhay Sart\" \/>\n<meta property=\"article:modified_time\" content=\"2023-10-31T10:05:14+00:00\" \/>\n<meta property=\"og:image\" content=\"https:\/\/www.tourismejalhaysart.be\/wp-content\/uploads\/2016\/04\/sart3.jpg\" \/>\n<meta name=\"twitter:card\" content=\"summary_large_image\" \/>\n<meta name=\"twitter:label1\" content=\"Gesch\u00e4tzte Lesezeit\" \/>\n\t<meta name=\"twitter:data1\" content=\"7\u00a0Minuten\" \/>\n<script type=\"application\/ld+json\" class=\"yoast-schema-graph\">{\"@context\":\"https:\\\/\\\/schema.org\",\"@graph\":[{\"@type\":\"WebPage\",\"@id\":\"https:\\\/\\\/www.tourismejalhaysart.be\\\/de\\\/entdecken\\\/unsere-doerfer\\\/\",\"url\":\"https:\\\/\\\/www.tourismejalhaysart.be\\\/de\\\/entdecken\\\/unsere-doerfer\\\/\",\"name\":\"Unsere D\u00f6rfer - Office du Tourisme de Jalhay Sart\",\"isPartOf\":{\"@id\":\"https:\\\/\\\/www.tourismejalhaysart.be\\\/de\\\/#website\"},\"primaryImageOfPage\":{\"@id\":\"https:\\\/\\\/www.tourismejalhaysart.be\\\/de\\\/entdecken\\\/unsere-doerfer\\\/#primaryimage\"},\"image\":{\"@id\":\"https:\\\/\\\/www.tourismejalhaysart.be\\\/de\\\/entdecken\\\/unsere-doerfer\\\/#primaryimage\"},\"thumbnailUrl\":\"https:\\\/\\\/www.tourismejalhaysart.be\\\/wp-content\\\/uploads\\\/2016\\\/04\\\/sart3.jpg\",\"datePublished\":\"2016-07-11T07:11:10+00:00\",\"dateModified\":\"2023-10-31T10:05:14+00:00\",\"breadcrumb\":{\"@id\":\"https:\\\/\\\/www.tourismejalhaysart.be\\\/de\\\/entdecken\\\/unsere-doerfer\\\/#breadcrumb\"},\"inLanguage\":\"de\",\"potentialAction\":[{\"@type\":\"ReadAction\",\"target\":[\"https:\\\/\\\/www.tourismejalhaysart.be\\\/de\\\/entdecken\\\/unsere-doerfer\\\/\"]}]},{\"@type\":\"ImageObject\",\"inLanguage\":\"de\",\"@id\":\"https:\\\/\\\/www.tourismejalhaysart.be\\\/de\\\/entdecken\\\/unsere-doerfer\\\/#primaryimage\",\"url\":\"https:\\\/\\\/www.tourismejalhaysart.be\\\/wp-content\\\/uploads\\\/2016\\\/04\\\/sart3.jpg\",\"contentUrl\":\"https:\\\/\\\/www.tourismejalhaysart.be\\\/wp-content\\\/uploads\\\/2016\\\/04\\\/sart3.jpg\"},{\"@type\":\"BreadcrumbList\",\"@id\":\"https:\\\/\\\/www.tourismejalhaysart.be\\\/de\\\/entdecken\\\/unsere-doerfer\\\/#breadcrumb\",\"itemListElement\":[{\"@type\":\"ListItem\",\"position\":1,\"name\":\"Accueil\",\"item\":\"https:\\\/\\\/www.tourismejalhaysart.be\\\/de\\\/\"},{\"@type\":\"ListItem\",\"position\":2,\"name\":\"Entdecken\",\"item\":\"https:\\\/\\\/www.tourismejalhaysart.be\\\/de\\\/entdecken\\\/\"},{\"@type\":\"ListItem\",\"position\":3,\"name\":\"Unsere D\u00f6rfer\"}]},{\"@type\":\"WebSite\",\"@id\":\"https:\\\/\\\/www.tourismejalhaysart.be\\\/de\\\/#website\",\"url\":\"https:\\\/\\\/www.tourismejalhaysart.be\\\/de\\\/\",\"name\":\"Office du Tourisme de Jalhay Sart\",\"description\":\"aux sources de la nature\",\"potentialAction\":[{\"@type\":\"SearchAction\",\"target\":{\"@type\":\"EntryPoint\",\"urlTemplate\":\"https:\\\/\\\/www.tourismejalhaysart.be\\\/de\\\/?s={search_term_string}\"},\"query-input\":{\"@type\":\"PropertyValueSpecification\",\"valueRequired\":true,\"valueName\":\"search_term_string\"}}],\"inLanguage\":\"de\"}]}<\/script>\n<!-- \/ Yoast SEO plugin. -->","yoast_head_json":{"title":"Unsere D\u00f6rfer - Office du Tourisme de Jalhay Sart","robots":{"index":"index","follow":"follow","max-snippet":"max-snippet:-1","max-image-preview":"max-image-preview:large","max-video-preview":"max-video-preview:-1"},"canonical":"https:\/\/www.tourismejalhaysart.be\/de\/entdecken\/unsere-doerfer\/","og_locale":"de_DE","og_type":"article","og_title":"Unsere D\u00f6rfer - Office du Tourisme de Jalhay Sart","og_description":"SART Sart ist eines der \u00e4ltesten D\u00f6rfer der Ardennen in dem es noch Weiden gibt, das seinen typischen Charakter behalten hat. Der Name Sart bedeutet \u201eLand, das f\u00fcr die Kultivierung gerodet wurde\u201c. Die ersten Rodungen fanden zu Beginn des 10. Jahrhunderts statt. Im 15. Jahrhundert erlebte Sart seine Bl\u00fctezeit: Die Metallindustrie des Wayai- und Ho\u00ebgne-Beckens [&hellip;]","og_url":"https:\/\/www.tourismejalhaysart.be\/de\/entdecken\/unsere-doerfer\/","og_site_name":"Office du Tourisme de Jalhay Sart","article_modified_time":"2023-10-31T10:05:14+00:00","og_image":[{"url":"https:\/\/www.tourismejalhaysart.be\/wp-content\/uploads\/2016\/04\/sart3.jpg","type":"","width":"","height":""}],"twitter_card":"summary_large_image","twitter_misc":{"Gesch\u00e4tzte Lesezeit":"7\u00a0Minuten"},"schema":{"@context":"https:\/\/schema.org","@graph":[{"@type":"WebPage","@id":"https:\/\/www.tourismejalhaysart.be\/de\/entdecken\/unsere-doerfer\/","url":"https:\/\/www.tourismejalhaysart.be\/de\/entdecken\/unsere-doerfer\/","name":"Unsere D\u00f6rfer - Office du Tourisme de Jalhay Sart","isPartOf":{"@id":"https:\/\/www.tourismejalhaysart.be\/de\/#website"},"primaryImageOfPage":{"@id":"https:\/\/www.tourismejalhaysart.be\/de\/entdecken\/unsere-doerfer\/#primaryimage"},"image":{"@id":"https:\/\/www.tourismejalhaysart.be\/de\/entdecken\/unsere-doerfer\/#primaryimage"},"thumbnailUrl":"https:\/\/www.tourismejalhaysart.be\/wp-content\/uploads\/2016\/04\/sart3.jpg","datePublished":"2016-07-11T07:11:10+00:00","dateModified":"2023-10-31T10:05:14+00:00","breadcrumb":{"@id":"https:\/\/www.tourismejalhaysart.be\/de\/entdecken\/unsere-doerfer\/#breadcrumb"},"inLanguage":"de","potentialAction":[{"@type":"ReadAction","target":["https:\/\/www.tourismejalhaysart.be\/de\/entdecken\/unsere-doerfer\/"]}]},{"@type":"ImageObject","inLanguage":"de","@id":"https:\/\/www.tourismejalhaysart.be\/de\/entdecken\/unsere-doerfer\/#primaryimage","url":"https:\/\/www.tourismejalhaysart.be\/wp-content\/uploads\/2016\/04\/sart3.jpg","contentUrl":"https:\/\/www.tourismejalhaysart.be\/wp-content\/uploads\/2016\/04\/sart3.jpg"},{"@type":"BreadcrumbList","@id":"https:\/\/www.tourismejalhaysart.be\/de\/entdecken\/unsere-doerfer\/#breadcrumb","itemListElement":[{"@type":"ListItem","position":1,"name":"Accueil","item":"https:\/\/www.tourismejalhaysart.be\/de\/"},{"@type":"ListItem","position":2,"name":"Entdecken","item":"https:\/\/www.tourismejalhaysart.be\/de\/entdecken\/"},{"@type":"ListItem","position":3,"name":"Unsere D\u00f6rfer"}]},{"@type":"WebSite","@id":"https:\/\/www.tourismejalhaysart.be\/de\/#website","url":"https:\/\/www.tourismejalhaysart.be\/de\/","name":"Office du Tourisme de Jalhay Sart","description":"aux sources de la nature","potentialAction":[{"@type":"SearchAction","target":{"@type":"EntryPoint","urlTemplate":"https:\/\/www.tourismejalhaysart.be\/de\/?s={search_term_string}"},"query-input":{"@type":"PropertyValueSpecification","valueRequired":true,"valueName":"search_term_string"}}],"inLanguage":"de"}]}},"wpml_current_locale":"de_DE","wpml_translations":[],"_links":{"self":[{"href":"https:\/\/www.tourismejalhaysart.be\/de\/wp-json\/wp\/v2\/pages\/10685","targetHints":{"allow":["GET"]}}],"collection":[{"href":"https:\/\/www.tourismejalhaysart.be\/de\/wp-json\/wp\/v2\/pages"}],"about":[{"href":"https:\/\/www.tourismejalhaysart.be\/de\/wp-json\/wp\/v2\/types\/page"}],"author":[{"embeddable":true,"href":"https:\/\/www.tourismejalhaysart.be\/de\/wp-json\/wp\/v2\/users\/1"}],"replies":[{"embeddable":true,"href":"https:\/\/www.tourismejalhaysart.be\/de\/wp-json\/wp\/v2\/comments?post=10685"}],"version-history":[{"count":11,"href":"https:\/\/www.tourismejalhaysart.be\/de\/wp-json\/wp\/v2\/pages\/10685\/revisions"}],"predecessor-version":[{"id":39904,"href":"https:\/\/www.tourismejalhaysart.be\/de\/wp-json\/wp\/v2\/pages\/10685\/revisions\/39904"}],"up":[{"embeddable":true,"href":"https:\/\/www.tourismejalhaysart.be\/de\/wp-json\/wp\/v2\/pages\/10683"}],"wp:attachment":[{"href":"https:\/\/www.tourismejalhaysart.be\/de\/wp-json\/wp\/v2\/media?parent=10685"}],"curies":[{"name":"wp","href":"https:\/\/api.w.org\/{rel}","templated":true}]}}